{"id":9,"date":"2016-09-05T08:53:39","date_gmt":"2016-09-05T08:53:39","guid":{"rendered":"https:\/\/engenharia3h.com.br\/web\/?page_id=9"},"modified":"2024-12-19T17:32:19","modified_gmt":"2024-12-19T17:32:19","slug":"quemsomos","status":"publish","type":"page","link":"https:\/\/engenharia3h.com.br\/web\/quemsomos\/","title":{"rendered":"Quem somos"},"content":{"rendered":"<p>Quem somos Profissionais atuantes desde 1961, na \u00e1rea de agrimensura e engenharia civil, e desde 2008 atuando no georreferenciamento de im\u00f3veis rurais, visando desenvolver projetos referentes a gest\u00e3o territorial, atendendo os setores rurais, urbanos e industriais. Equi <a href=\"https:\/\/engenharia3h.com.br\/web\/quemsomos\/\" title=\"Read more on Quem somos\" class=\"more-link\">read more<\/a><\/p>\n","protected":false},"excerpt":{"rendered":"<p>Quem somos Profissionais atuantes desde 1961, na \u00e1rea de agrimensura e engenharia civil, e desde 2008 atuando no georreferenciamento de im\u00f3veis rurais, visando desenvolver projetos referentes a gest\u00e3o territorial, atendendo os setores rurais, urbanos e industriais. Equi read more<\/p>\n","protected":false},"author":1,"featured_media":1284,"parent":0,"menu_order":0,"comment_status":"closed","ping_status":"closed","template":"","meta":[],"_links":{"self":[{"href":"https:\/\/engenharia3h.com.br\/web\/wp-json\/wp\/v2\/pages\/9"}],"collection":[{"href":"https:\/\/engenharia3h.com.br\/web\/wp-json\/wp\/v2\/pages"}],"about":[{"href":"https:\/\/engenharia3h.com.br\/web\/wp-json\/wp\/v2\/types\/page"}],"author":[{"embeddable":true,"href":"https:\/\/engenharia3h.com.br\/web\/wp-json\/wp\/v2\/users\/1"}],"replies":[{"embeddable":true,"href":"https:\/\/engenharia3h.com.br\/web\/wp-json\/wp\/v2\/comments?post=9"}],"version-history":[{"count":10,"href":"https:\/\/engenharia3h.com.br\/web\/wp-json\/wp\/v2\/pages\/9\/revisions"}],"predecessor-version":[{"id":1292,"href":"https:\/\/engenharia3h.com.br\/web\/wp-json\/wp\/v2\/pages\/9\/revisions\/1292"}],"wp:featuredmedia":[{"embeddable":true,"href":"https:\/\/engenharia3h.com.br\/web\/wp-json\/wp\/v2\/media\/1284"}],"wp:attachment":[{"href":"https:\/\/engenharia3h.com.br\/web\/wp-json\/wp\/v2\/media?parent=9"}],"curies":[{"name":"wp","href":"https:\/\/api.w.org\/{rel}","templated":true}]}}