{"id":41,"date":"2016-09-15T15:10:38","date_gmt":"2016-09-15T15:10:38","guid":{"rendered":"https:\/\/engenharia3h.com.br\/web\/?page_id=41"},"modified":"2024-12-19T16:40:22","modified_gmt":"2024-12-19T16:40:22","slug":"home","status":"publish","type":"page","link":"https:\/\/engenharia3h.com.br\/web\/","title":{"rendered":"Home"},"content":{"rendered":"<p>Georreferenciamento \u00e9 com a Engenharia 3H! Entre em contato conosco e esclare\u00e7a todas as d\u00favidas! Tecnologia Utilizamos equipamentos de \u00faltima gera\u00e7\u00e3o garantindo precis\u00e3o e confiabilidade Al\u00e9m da experi\u00eancia acumulada \u00e9 indispens\u00e1vel a utiliza\u00e7\u00e3o de ferramentas que gara <a href=\"https:\/\/engenharia3h.com.br\/web\/\" title=\"Read more on Home\" class=\"more-link\">read more<\/a><\/p>\n","protected":false},"excerpt":{"rendered":"<p>Georreferenciamento \u00e9 com a Engenharia 3H! Entre em contato conosco e esclare\u00e7a todas as d\u00favidas! Tecnologia Utilizamos equipamentos de \u00faltima gera\u00e7\u00e3o garantindo precis\u00e3o e confiabilidade Al\u00e9m da experi\u00eancia acumulada \u00e9 indispens\u00e1vel a utiliza\u00e7\u00e3o de ferramentas que gara read more<\/p>\n","protected":false},"author":1,"featured_media":0,"parent":0,"menu_order":0,"comment_status":"closed","ping_status":"closed","template":"","meta":[],"_links":{"self":[{"href":"https:\/\/engenharia3h.com.br\/web\/wp-json\/wp\/v2\/pages\/41"}],"collection":[{"href":"https:\/\/engenharia3h.com.br\/web\/wp-json\/wp\/v2\/pages"}],"about":[{"href":"https:\/\/engenharia3h.com.br\/web\/wp-json\/wp\/v2\/types\/page"}],"author":[{"embeddable":true,"href":"https:\/\/engenharia3h.com.br\/web\/wp-json\/wp\/v2\/users\/1"}],"replies":[{"embeddable":true,"href":"https:\/\/engenharia3h.com.br\/web\/wp-json\/wp\/v2\/comments?post=41"}],"version-history":[{"count":38,"href":"https:\/\/engenharia3h.com.br\/web\/wp-json\/wp\/v2\/pages\/41\/revisions"}],"predecessor-version":[{"id":1283,"href":"https:\/\/engenharia3h.com.br\/web\/wp-json\/wp\/v2\/pages\/41\/revisions\/1283"}],"wp:attachment":[{"href":"https:\/\/engenharia3h.com.br\/web\/wp-json\/wp\/v2\/media?parent=41"}],"curies":[{"name":"wp","href":"https:\/\/api.w.org\/{rel}","templated":true}]}}